{"id":37,"date":"2020-04-07T14:40:56","date_gmt":"2020-04-07T12:40:56","guid":{"rendered":"http:\/\/proces.lofficial.com\/Elancourt\/?page_id=37"},"modified":"2020-04-07T18:16:54","modified_gmt":"2020-04-07T16:16:54","slug":"cassation","status":"publish","type":"page","link":"https:\/\/proces.lofficial.com\/Elancourt\/cassation\/","title":{"rendered":"Cassation"},"content":{"rendered":"\n<p class=\"has-text-color has-background has-text-align-left has-yellow-color has-primary-background-color\"><strong><em>Ordonnance de la Cour de Cassation<\/em><\/strong><\/p>\n\n\n\n<figure class=\"wp-block-image size-large is-resized\"><img loading=\"lazy\" decoding=\"async\" src=\"http:\/\/proces.lofficial.com\/Elancourt\/wp-content\/uploads\/2020\/04\/Cassation.png\" alt=\"\" class=\"wp-image-107\" width=\"224\" height=\"224\" srcset=\"https:\/\/proces.lofficial.com\/Elancourt\/wp-content\/uploads\/2020\/04\/Cassation.png 568w, https:\/\/proces.lofficial.com\/Elancourt\/wp-content\/uploads\/2020\/04\/Cassation-300x300.png 300w, https:\/\/proces.lofficial.com\/Elancourt\/wp-content\/uploads\/2020\/04\/Cassation-150x150.png 150w, https:\/\/proces.lofficial.com\/Elancourt\/wp-content\/uploads\/2020\/04\/Cassation-100x100.png 100w\" sizes=\"auto, (max-width: 224px) 100vw, 224px\" \/><\/figure>\n\n\n\n<p><em>COUR DE CASSATION<br>Premi\u00e8re Pr\u00e9sidence<\/em><\/p>\n\n\n\n<p><em>Pourvoi n\u00b0 : H 0016382<br>Demandeur : Monsieur LE MAIRE DE LA COMMUNE D\u2019ELANCOURT<br>D\u00e9fenseur : Monsieur Lo\u00efc LOFFICIAL<br>Ordonnance : 50191<\/em><\/p>\n\n\n\n<p>ORDONNANCE DE D\u00c9CH\u00c9ANCE<\/p>\n\n\n\n<p><em>LE PREMIER PR\u00c9SIDENT DE LA COUR DE CASSATION,<\/em><br><em>Vu les articles 978, 1er alin\u00e9a et 981 du Nouveau Code de Proc\u00e9dure Civile,<\/em><\/p>\n\n\n\n<p><em>ATTENDU QUE<\/em><\/p>\n\n\n\n<p>Monsieur LE MAIRE DE LA COMMUNE D\u2019ELANCOURT<br>s\u2019est (se sont) pourvu(s) en cassation le 13 juin 2000<br>contre une d\u00e9cision rendue par la cour d\u2019appel de Versailles<br>le 29 Mars 2000<\/p>\n\n\n\n<p>dans une instance dirig\u00e9e contre :<br>Monsieur Lo\u00efc LOFFICIAL<\/p>\n\n\n\n<p>Qu\u2019aucun m\u00e9moire contenant les moyens de droit invoqu\u00e9s contre la d\u00e9cision attaqu\u00e9e n\u2019a \u00e9t\u00e9 produit dans le d\u00e9lai l\u00e9gal ;<\/p>\n\n\n\n<p>Qu\u2019il s\u2019ensuit que la d\u00e9ch\u00e9ance est encourue<\/p>\n\n\n\n<p>CONSTATE en cons\u00e9quence la d\u00e9ch\u00e9ance du (des) demandeur(s)au pourvoi.<\/p>\n\n\n\n<p>Fait \u00e0 Paris, le 01 f\u00e9vrier 2001<br>LE PREMIER PRESIDENT<br>DE LA COUR DE CASSATION<\/p>\n","protected":false},"excerpt":{"rendered":"<p>Ordonnance de la Cour de Cassation COUR DE CASSATIONPremi\u00e8re Pr\u00e9sidence Pourvoi n\u00b0 : H 0016382Demandeur : Monsieur LE MAIRE DE LA COMMUNE D\u2019ELANCOURTD\u00e9fenseur : Monsieur Lo\u00efc LOFFICIALOrdonnance : 50191 ORDONNANCE DE D\u00c9CH\u00c9ANCE LE PREMIER PR\u00c9SIDENT DE LA COUR DE CASSATION,Vu les articles 978, 1er alin\u00e9a et 981 du Nouveau Code de Proc\u00e9dure Civile, ATTENDU QUE &hellip; <\/p>\n<p class=\"link-more\"><a href=\"https:\/\/proces.lofficial.com\/Elancourt\/cassation\/\" class=\"more-link\">Continuer la lecture<span class=\"screen-reader-text\"> de &laquo;&nbsp;Cassation&nbsp;&raquo;<\/span><\/a><\/p>\n","protected":false},"author":1,"featured_media":0,"parent":0,"menu_order":0,"comment_status":"closed","ping_status":"closed","template":"","meta":{"footnotes":""},"class_list":["post-37","page","type-page","status-publish","hentry"],"_links":{"self":[{"href":"https:\/\/proces.lofficial.com\/Elancourt\/wp-json\/wp\/v2\/pages\/37","targetHints":{"allow":["GET"]}}],"collection":[{"href":"https:\/\/proces.lofficial.com\/Elancourt\/wp-json\/wp\/v2\/pages"}],"about":[{"href":"https:\/\/proces.lofficial.com\/Elancourt\/wp-json\/wp\/v2\/types\/page"}],"author":[{"embeddable":true,"href":"https:\/\/proces.lofficial.com\/Elancourt\/wp-json\/wp\/v2\/users\/1"}],"replies":[{"embeddable":true,"href":"https:\/\/proces.lofficial.com\/Elancourt\/wp-json\/wp\/v2\/comments?post=37"}],"version-history":[{"count":3,"href":"https:\/\/proces.lofficial.com\/Elancourt\/wp-json\/wp\/v2\/pages\/37\/revisions"}],"predecessor-version":[{"id":109,"href":"https:\/\/proces.lofficial.com\/Elancourt\/wp-json\/wp\/v2\/pages\/37\/revisions\/109"}],"wp:attachment":[{"href":"https:\/\/proces.lofficial.com\/Elancourt\/wp-json\/wp\/v2\/media?parent=37"}],"curies":[{"name":"wp","href":"https:\/\/api.w.org\/{rel}","templated":true}]}}